{"id":29,"date":"2021-12-08T19:30:54","date_gmt":"2021-12-08T19:30:54","guid":{"rendered":"https:\/\/www.diamondconsulting.fi\/?page_id=29"},"modified":"2024-02-12T11:45:49","modified_gmt":"2024-02-12T11:45:49","slug":"home","status":"publish","type":"page","link":"https:\/\/www.diamondconsulting.fi\/","title":{"rendered":"Home"},"content":{"rendered":"\n<h2>\n\t\tPALVELUT\n\t<\/h2>\n\t<ul>\n<li data-charcodes=\"8226\" data-font=\"Arial,Sans-Serif\" data-buautonum=\"8\" data-margin=\"450\" data-aria-posinset=\"1\" data-aria-level=\"1\">P\u00e4\u00e4aikataulut ja&nbsp;alihankinnan aikataulut\u200b<\/li>\n<li data-charcodes=\"8226\" data-font=\"Arial,Sans-Serif\" data-buautonum=\"8\" data-margin=\"450\" data-aria-posinset=\"2\" data-aria-level=\"1\">Aikatauluj\u00e4rjestelm\u00e4n&nbsp;malli ja rakenne\u200b<\/li>\n<li data-charcodes=\"8226\" data-font=\"Arial,Sans-Serif\" data-buautonum=\"8\" data-margin=\"450\" data-aria-posinset=\"3\" data-aria-level=\"1\">Suunnittelun ja&nbsp;dokumentoinnin&nbsp;aikataulutus\u200b<\/li>\n<li data-charcodes=\"8226\" data-font=\"Arial,Sans-Serif\" data-buautonum=\"8\" data-margin=\"450\" data-aria-posinset=\"4\" data-aria-level=\"1\">Rakentamisen&nbsp;aikataulutus\u200b<\/li>\n<li data-charcodes=\"8226\" data-font=\"Arial,Sans-Serif\" data-buautonum=\"8\" data-margin=\"450\" data-aria-posinset=\"5\" data-aria-level=\"1\">Aikatauluanalyysit\u200b<\/li>\n<li data-charcodes=\"8226\" data-font=\"Arial,Sans-Serif\" data-buautonum=\"8\" data-margin=\"450\" data-aria-posinset=\"6\" data-aria-level=\"1\">Hankinnan aikataulutus\u200b<\/li>\n<li data-charcodes=\"8226\" data-font=\"Arial,Sans-Serif\" data-buautonum=\"8\" data-margin=\"450\" data-aria-posinset=\"7\" data-aria-level=\"1\">Alihankinnan&nbsp;aikatauluspesifikaatiot\u200b<\/li>\n<li data-charcodes=\"8226\" data-font=\"Arial,Sans-Serif\" data-buautonum=\"8\" data-margin=\"450\" data-aria-posinset=\"8\" data-aria-level=\"1\">Resurssi &#8211; ja&nbsp;ty\u00f6m\u00e4\u00e4r\u00e4arviot sek\u00e4&nbsp;kuvaajat\u200b<\/li>\n<li data-charcodes=\"8226\" data-font=\"Arial,Sans-Serif\" data-buautonum=\"8\" data-margin=\"450\" data-aria-posinset=\"9\" data-aria-level=\"1\">Seurannat ja raportointi<\/li>\n<\/ul>\n\t<ul>\n<li data-charcodes=\"8226\" data-font=\"Arial,Sans-Serif\" data-buautonum=\"8\" data-margin=\"450\" data-aria-posinset=\"1\" data-aria-level=\"1\">Spesifikaatiot ja&nbsp;m\u00e4\u00e4ritelm\u00e4t sopimuksiin&nbsp;\u200b<\/li>\n<li data-charcodes=\"8226\" data-font=\"Arial,Sans-Serif\" data-buautonum=\"8\" data-margin=\"450\" data-aria-posinset=\"2\" data-aria-level=\"1\">Tilannekuvaj\u00e4rjestelm\u00e4n&nbsp;arkkitehtuuri ja toteutus\u200b<\/li>\n<li data-charcodes=\"8226\" data-font=\"Arial,Sans-Serif\" data-buautonum=\"8\" data-margin=\"450\" data-aria-posinset=\"3\" data-aria-level=\"1\">Aikatauluj\u00e4rjestelm\u00e4&nbsp;\u200b<\/li>\n<li data-charcodes=\"8226\" data-font=\"Arial,Sans-Serif\" data-buautonum=\"8\" data-margin=\"450\" data-aria-posinset=\"4\" data-aria-level=\"1\">Integroitu aikataulun ja&nbsp;kustannusten hallinta ja&nbsp;seuranta\u200b<\/li>\n<li data-charcodes=\"8226\" data-font=\"Arial,Sans-Serif\" data-buautonum=\"8\" data-margin=\"450\" data-aria-posinset=\"5\" data-aria-level=\"1\">Edistym\u00e4mittaus ja&nbsp;suorituskyvyn arviointi\u200b<\/li>\n<li data-charcodes=\"8226\" data-font=\"Arial,Sans-Serif\" data-buautonum=\"8\" data-margin=\"450\" data-aria-posinset=\"6\" data-aria-level=\"1\">Dokumentaation hallinta\u200b<\/li>\n<li data-charcodes=\"8226\" data-font=\"Arial,Sans-Serif\" data-buautonum=\"8\" data-margin=\"450\" data-aria-posinset=\"7\" data-aria-level=\"1\">Muutosten hallinta\u200b<\/li>\n<li data-charcodes=\"8226\" data-font=\"Arial,Sans-Serif\" data-buautonum=\"8\" data-margin=\"450\" data-aria-posinset=\"8\" data-aria-level=\"1\">Riskienhallinta&nbsp;&nbsp;\u200b<\/li>\n<li data-charcodes=\"8226\" data-font=\"Arial,Sans-Serif\" data-buautonum=\"8\" data-margin=\"450\" data-aria-posinset=\"9\" data-aria-level=\"1\">Ennusteet ja analyysit&nbsp;\u200b<\/li>\n<li data-charcodes=\"8226\" data-font=\"Arial,Sans-Serif\" data-buautonum=\"8\" data-margin=\"450\" data-aria-posinset=\"10\" data-aria-level=\"1\">Tilannekuvaratkaisu ja&nbsp;analytiikka (esim. Power&nbsp;BI,&nbsp;Piwoot, tai asiakkaan&nbsp;osoittama)&nbsp;<\/li>\n<\/ul>\n\t<ul>\n<li data-charcodes=\"8226\" data-font=\"Arial,Sans-Serif\" data-buautonum=\"8\" data-margin=\"450\" data-aria-posinset=\"1\" data-aria-level=\"1\">Laadulliset ja m\u00e4\u00e4r\u00e4lliset&nbsp;riskiarviot&nbsp;\u200b<\/li>\n<li data-charcodes=\"8226\" data-font=\"Arial,Sans-Serif\" data-buautonum=\"8\" data-margin=\"450\" data-aria-posinset=\"2\" data-aria-level=\"1\">Mallintaminen ja&nbsp;todenn\u00e4k\u00f6isyydet&nbsp;(aikataulu, kustannukset)&nbsp;\u200b<\/li>\n<li data-charcodes=\"8226\" data-font=\"Arial,Sans-Serif\" data-buautonum=\"8\" data-margin=\"450\" data-aria-posinset=\"3\" data-aria-level=\"1\">Monte Carlo -menetelm\u00e4n mukaiset&nbsp;todenn\u00e4k\u00f6isyysarviot\u200b<\/li>\n<li data-charcodes=\"8226\" data-font=\"Arial,Sans-Serif\" data-buautonum=\"8\" data-margin=\"450\" data-aria-posinset=\"4\" data-aria-level=\"1\">Raportti ja arviot&nbsp;riskienhallintaj\u00e4rjestelm\u00e4n nykytilasta<\/li>\n<\/ul>\n\t<ul>\n<li data-charcodes=\"8226\" data-font=\"Arial,Sans-Serif\" data-buautonum=\"8\" data-margin=\"450\" data-aria-posinset=\"1\" data-aria-level=\"1\">Viiveiden&nbsp;vastausstrategian&nbsp;kehitt\u00e4minen&nbsp;\u200b<\/li>\n<li data-charcodes=\"8226\" data-font=\"Arial,Sans-Serif\" data-buautonum=\"8\" data-margin=\"450\" data-aria-posinset=\"2\" data-aria-level=\"1\">Aikataulumallinnukset&nbsp;\u200b<\/li>\n<li data-charcodes=\"8226\" data-font=\"Arial,Sans-Serif\" data-buautonum=\"8\" data-margin=\"450\" data-aria-posinset=\"3\" data-aria-level=\"1\">Vastuiden osoittaminen ja&nbsp;m\u00e4\u00e4r\u00e4llist\u00e4minen&nbsp;\u200b<\/li>\n<li data-charcodes=\"8226\" data-font=\"Arial,Sans-Serif\" data-buautonum=\"8\" data-margin=\"450\" data-aria-posinset=\"4\" data-aria-level=\"1\">Vaikutusten arviointi&nbsp;\u200b<\/li>\n<li data-charcodes=\"8226\" data-font=\"Arial,Sans-Serif\" data-buautonum=\"8\" data-margin=\"450\" data-aria-posinset=\"5\" data-aria-level=\"1\">Kokonaisvastuut viiveist\u00e4&nbsp;\u200b<\/li>\n<li data-charcodes=\"8226\" data-font=\"Arial,Sans-Serif\" data-buautonum=\"8\" data-margin=\"450\" data-aria-posinset=\"6\" data-aria-level=\"1\">Reklamaatiovastineet<\/li>\n<\/ul>\n\t<ul>\n<li data-charcodes=\"8226\" data-font=\"Arial,Sans-Serif\" data-buautonum=\"8\" data-margin=\"450\" data-aria-posinset=\"1\" data-aria-level=\"1\">Tarvem\u00e4\u00e4rittely&nbsp;\u200b<\/li>\n<li data-charcodes=\"8226\" data-font=\"Arial,Sans-Serif\" data-buautonum=\"8\" data-margin=\"450\" data-aria-posinset=\"2\" data-aria-level=\"1\">Konseptointi ja konseptin&nbsp;m\u00e4\u00e4ritt\u00e4minen&nbsp;\u200b<\/li>\n<li data-charcodes=\"8226\" data-font=\"Arial,Sans-Serif\" data-buautonum=\"8\" data-margin=\"450\" data-aria-posinset=\"3\" data-aria-level=\"1\">Kannattavuusarviot&nbsp;\u200b<\/li>\n<li data-charcodes=\"8226\" data-font=\"Arial,Sans-Serif\" data-buautonum=\"8\" data-margin=\"450\" data-aria-posinset=\"4\" data-aria-level=\"1\">Prototyyppien m\u00e4\u00e4ritys&nbsp;\u200b<\/li>\n<li data-charcodes=\"8226\" data-font=\"Arial,Sans-Serif\" data-buautonum=\"8\" data-margin=\"450\" data-aria-posinset=\"5\" data-aria-level=\"1\">Projektin johtaminen&nbsp;<\/li>\n<\/ul>\n\t<p>Aika on rahaa. Aikataulutus voi merkit\u00e4 projektin&nbsp;p\u00e4\u00e4ttymist\u00e4 katastrofiin tai onnistumiseen. Mik\u00e4\u00e4n&nbsp;muu yksitt\u00e4inen seikka ei m\u00e4\u00e4rit\u00e4 niin paljoa projektin&nbsp;onnistumisen mahdollisuuksia kuin aikataulutus.<\/p>\n<p>Kaikki projektin toiminta ja sen tehokkuus perustuu&nbsp;laadukkaaseen aikatauluhallintaan. Teemme sinulle&nbsp;toimivan aikatauluj\u00e4rjestelm\u00e4n, jonka avulla voidaan&nbsp;projektiasi johtaa tehokkaasti &#8211; eri vaiheissa tarvitaan&nbsp;erilaisia aikatauluja eri tarkoituksiin, me osaamme&nbsp;n\u00e4iden&nbsp;yhdist\u00e4msen&nbsp;toimivaksi ja tehokkaaksi&nbsp;j\u00e4rjestelm\u00e4ksi. Kriittisen polun avulla tied\u00e4t tehd\u00e4&nbsp;oikeat p\u00e4\u00e4t\u00f6kset oikeaan aikaan, mutta kriittisen&nbsp;ketjun menetelmill\u00e4 saat viel\u00e4 viimeisetkin tehot&nbsp;puristettua organisaatiostasi.&nbsp;\u200b<\/p>\n\tTied\u00e4mmek\u00f6 miss\u00e4 menn\u00e4\u00e4n ja toimimmeko yhdess\u00e4&nbsp;tavoitteiden edist\u00e4miseksi? Tilannekuva on integroitu&nbsp;projektinhallintaj\u00e4rjestelm\u00e4, joka mahdollistaa&nbsp;projektien toteutuksen tehokkaasti, aikataulussa ja&nbsp;budjetissa. Integroimalla ihmiset samaan alustaan,&nbsp;projektinhallinnan prosessit ja teknologian saadaan&nbsp;aikaan suuri projektin tavoitteita edist\u00e4v\u00e4 vaikutus.&nbsp;Projektin edistym\u00e4n mittaaminen ja tekeminen&nbsp;l\u00e4pin\u00e4kyv\u00e4ksi mahdollistaa tehokkaan p\u00e4\u00e4t\u00f6ksenteon&nbsp;ja projektisi tavoitteiden edist\u00e4misen.&nbsp;\u200b<br>\nMeill\u00e4 on kokemusta tilannekuvaj\u00e4rjestelmien&nbsp;suunnittelusta ja toteuttamisesta. Modernien keinojen&nbsp;avulla voimme hy\u00f6dynt\u00e4\u00e4 uusinta teknologiaa nopean&nbsp;ja tarkoituksenmukaisen johtamisj\u00e4rjestelm\u00e4n&nbsp;luomiseksi projektiisi.&nbsp;\n\tMik\u00e4 voisikaan menn\u00e4 pieleen?&nbsp;Riskienhallinnalla on suuri merkitys&nbsp;projektin onnistumiselle. Meid\u00e4n&nbsp;avullamme voit perustaa&nbsp;riskienhallintatoiminnon, joka ei j\u00e4\u00e4 taka-alalle vaan sit\u00e4 k\u00e4ytet\u00e4\u00e4n aidosti projektisi&nbsp;tavoitteiden edist\u00e4miseksi.&nbsp;\u200b<br>\nMeilt\u00e4 saat hankittua projektiin laadulliset ja&nbsp;m\u00e4\u00e4r\u00e4lliset riskitoiminnot, joilla voit&nbsp;tunnistaa puutteet projektisuunnitelmissa,&nbsp;tunnistaa ja&nbsp;m\u00e4\u00e4r\u00e4llist\u00e4\u00e4&nbsp;riskisi, arvioida&nbsp;toteutuksen todenn\u00e4k\u00f6isyyksi\u00e4 ja m\u00e4\u00e4ritt\u00e4\u00e4&nbsp;toimenpiteit\u00e4 joilla riskej\u00e4 v\u00e4ltet\u00e4\u00e4n,&nbsp;pienennet\u00e4\u00e4n, tai siirret\u00e4\u00e4n. Arvioimme&nbsp;riskej\u00e4 projektin eri vaiheissa, jotta sin\u00e4 voit&nbsp;tehd\u00e4 p\u00e4\u00e4t\u00f6ksi\u00e4&nbsp;riskienhallintatoimenpiteist\u00e4.&nbsp;\n\t<p>Usein projektit p\u00e4\u00e4ttyv\u00e4 riitoihin ja&nbsp;kiistoihin. Mutta se ei tarkoita etteik\u00f6&nbsp;niit\u00e4 voisi ratkaista systemaattisesti ja&nbsp;tehokkaasti. Riitojen ratkaisu on osa&nbsp;sopimustekniikkaa. Viiveiden aikainen&nbsp;tunnistaminen, allokointi ja&nbsp;vaikutusarviot eri mallinnustekniikoiden&nbsp;avulla auttavat sinua ratkaisemaan riidat&nbsp;nopeasti ja selke\u00e4sti. Emme lupaa&nbsp;kuitenkaan voittoa, mutta sen lupaamme&nbsp;ett\u00e4 tuomme riitatilaisiin niiden&nbsp;kaipaamaa selkeytt\u00e4 &#8211; ett\u00e4 sin\u00e4 voit&nbsp;tehd\u00e4 p\u00e4\u00e4t\u00f6ksi\u00e4 jo aikaisessa vaiheissa&nbsp;onko riitelylle tarvetta vai voidaanko&nbsp;riita ratkaista ilman&nbsp;oikeudenk\u00e4yntiprosessia.&nbsp;<\/p>\n\t<p>Uuden luojat n\u00e4ytt\u00e4v\u00e4t tiet\u00e4.&nbsp;Haluatko kehitt\u00e4\u00e4 uuden tuotteen&nbsp;kilpailuedun saavuttamiseksi? Tiesitk\u00f6&nbsp;ett\u00e4&nbsp;tuotekehitysprojektin voi vied\u00e4 l\u00e4pi&nbsp;systemaattisesti ja ennakoitavasti?&nbsp;Tuotekehityksess\u00e4 olemme hakeneet&nbsp;oppeja MIT-yliopistosta ja olemme&nbsp;soveltaneet n\u00e4it\u00e4 oppeja kehitt\u00e4ess\u00e4mme&nbsp;tuotteita ja palveluja. Teemme sinulle&nbsp;strategisen arvion, asiakastarpeiden&nbsp;tunnistuksen, konseptoinnin ja&nbsp;kannattavuuslaskelmat. Suunnittelemme&nbsp;ja toteutamme projektisi siten ett\u00e4 voit&nbsp;tehd\u00e4 tuotantop\u00e4\u00e4t\u00f6ksen.&nbsp;<\/p>\n<h2>\n\t\tREFERENSSIT\n\t<\/h2>\n\t<table>\n    <tbody><tr>\n        <th>Hanke<\/th>\n        <th>Sijainti<\/th>\n        <th>Teollisuudenala<\/th>\n        <th>Tehdyt teht\u00e4v\u00e4t<\/th>\n    <\/tr>\n    <tr>\n        <td>Leighton (Sustaining capital)<\/td>\n        <td>Australia<\/td>\n        <td>Kaivos<\/td>\n        <td>Aikataulutus, kustannusarviot, vaadehallinta<\/td>\n    <\/tr>\n    <tr>\n        <td>Roy Hill<\/td>\n        <td>Australia<\/td>\n        <td>Kaivos<\/td>\n        <td>Hankinta<\/td>\n    <\/tr>\n    <tr>\n        <td>Luottamuksellinen<\/td>\n        <td>Suomi<\/td>\n        <td>Rautatie<\/td>\n        <td>Hankinta<\/td>\n    <\/tr>\n    <tr>\n        <td>Hanhikivi 1<\/td>\n        <td>Suomi<\/td>\n        <td>Ydinvoima<\/td>\n        <td>Riskienhallinta, sopimusneuvottelut, aikataulutarviot ja analyysit<\/td>\n    <\/tr>\n        <tr><td>Finngulf LNG &amp; Baltic connector<\/td>\n        <td>Suomi<\/td>\n        <td>Maakaasu<\/td>\n        <td>Organisaation kehitys, projektin proseduurit, laadunhallinta, EU-tukihakemukset<\/td>\n    \n    <\/tr><tr>\n        <td>Pori LNG<\/td>\n        <td>Suomi<\/td>\n        <td>Maakaasu<\/td>\n        <td>Projektinhallinta, dokumenttienhallinta, sopimushallinta, laadunhallinta<\/td>\n    <\/tr>\n    <tr>\n        <td>L\u00e4nsimetro Matinkyl\u00e4 &#8211; Kivenlahti<\/td>\n        <td>Suomi<\/td>\n        <td>Infra<\/td>\n        <td>Projektinhallinta tilannekuva j\u00e4rjestelm\u00e4t<\/td>\n    <\/tr>\n    <tr>\n        <td>Luottamuksellinen<\/td>\n        <td>Suomi<\/td>\n        <td>Sairaala<\/td>\n        <td>Toteutuneen aikataulun hallinta, evidenssi dokumentti<\/td>\n    <\/tr>\n<\/tbody><\/table>\n","protected":false},"excerpt":{"rendered":"<p>PALVELUT P\u00e4\u00e4aikataulut ja&nbsp;alihankinnan aikataulut\u200b Aikatauluj\u00e4rjestelm\u00e4n&nbsp;malli ja rakenne\u200b Suunnittelun ja&nbsp;dokumentoinnin&nbsp;aikataulutus\u200b Rakentamisen&nbsp;aikataulutus\u200b Aikatauluanalyysit\u200b Hankinnan aikataulutus\u200b Alihankinnan&nbsp;aikatauluspesifikaatiot\u200b Resurssi &#8211; ja&nbsp;ty\u00f6m\u00e4\u00e4r\u00e4arviot sek\u00e4&nbsp;kuvaajat\u200b Seurannat ja raportointi Spesifikaatiot ja&nbsp;m\u00e4\u00e4ritelm\u00e4t sopimuksiin&nbsp;\u200b Tilannekuvaj\u00e4rjestelm\u00e4n&nbsp;arkkitehtuuri ja toteutus\u200b Aikatauluj\u00e4rjestelm\u00e4&nbsp;\u200b Integroitu aikataulun ja&nbsp;kustannusten hallinta ja&nbsp;seuranta\u200b Edistym\u00e4mittaus ja&nbsp;suorituskyvyn arviointi\u200b Dokumentaation hallinta\u200b Muutosten hallinta\u200b Riskienhallinta&nbsp;&nbsp;\u200b Ennusteet ja analyysit&nbsp;\u200b Tilannekuvaratkaisu ja&nbsp;analytiikka (esim. Power&nbsp;BI,&nbsp;Piwoot, tai asiakkaan&nbsp;osoittama)&nbsp; [&hellip;]<\/p>\n","protected":false},"author":1,"featured_media":0,"parent":0,"menu_order":0,"comment_status":"closed","ping_status":"closed","template":"","meta":{"_monsterinsights_skip_tracking":false,"_monsterinsights_sitenote_active":false,"_monsterinsights_sitenote_note":"","_monsterinsights_sitenote_category":0,"footnotes":""},"aioseo_notices":[],"_links":{"self":[{"href":"https:\/\/www.diamondconsulting.fi\/index.php\/wp-json\/wp\/v2\/pages\/29"}],"collection":[{"href":"https:\/\/www.diamondconsulting.fi\/index.php\/wp-json\/wp\/v2\/pages"}],"about":[{"href":"https:\/\/www.diamondconsulting.fi\/index.php\/wp-json\/wp\/v2\/types\/page"}],"author":[{"embeddable":true,"href":"https:\/\/www.diamondconsulting.fi\/index.php\/wp-json\/wp\/v2\/users\/1"}],"replies":[{"embeddable":true,"href":"https:\/\/www.diamondconsulting.fi\/index.php\/wp-json\/wp\/v2\/comments?post=29"}],"version-history":[{"count":10,"href":"https:\/\/www.diamondconsulting.fi\/index.php\/wp-json\/wp\/v2\/pages\/29\/revisions"}],"predecessor-version":[{"id":83,"href":"https:\/\/www.diamondconsulting.fi\/index.php\/wp-json\/wp\/v2\/pages\/29\/revisions\/83"}],"wp:attachment":[{"href":"https:\/\/www.diamondconsulting.fi\/index.php\/wp-json\/wp\/v2\/media?parent=29"}],"curies":[{"name":"wp","href":"https:\/\/api.w.org\/{rel}","templated":true}]}}